{"id":1369,"date":"2026-01-31T21:47:31","date_gmt":"2026-01-31T21:47:31","guid":{"rendered":"https:\/\/sienna-hawk-246701.hostingersite.com\/?post_type=product&#038;p=1369"},"modified":"2026-02-05T17:04:14","modified_gmt":"2026-02-05T17:04:14","slug":"2-tja1020","status":"publish","type":"product","link":"https:\/\/med-tronics.com\/?product=2-tja1020","title":{"rendered":"2- TJA1020 \/ est un \u00e9metteur-r\u00e9cepteur LIN dans le domaine automobile qui sert d&#8217;interface entre un contr\u00f4leur de protocole ma\u00eetre\/esclave LIN et le bus physique."},"content":{"rendered":"<p><strong>TJA1020 est un \u00e9metteur-r\u00e9cepteur LIN dans le domaine automobile qui sert d&#8217;interface entre un contr\u00f4leur de protocole ma\u00eetre\/esclave LIN et le bus physique.<\/strong><\/p>\n","protected":false},"excerpt":{"rendered":"<p>TJA1020 est un \u00e9metteur-r\u00e9cepteur LIN dans le domaine automobile qui sert d&#8217;interface entre un contr\u00f4leur de protocole ma\u00eetre\/esclave LIN et le bus physique.<\/p>\n","protected":false},"featured_media":1370,"comment_status":"open","ping_status":"closed","template":"","meta":[],"product_brand":[],"product_cat":[18],"product_tag":[],"class_list":{"0":"post-1369","1":"product","2":"type-product","3":"status-publish","4":"has-post-thumbnail","6":"product_cat-composant-electronique","8":"first","9":"instock","10":"shipping-taxable","11":"purchasable","12":"product-type-simple"},"jetpack_sharing_enabled":true,"_links":{"self":[{"href":"https:\/\/med-tronics.com\/index.php?rest_route=\/wp\/v2\/product\/1369","targetHints":{"allow":["GET"]}}],"collection":[{"href":"https:\/\/med-tronics.com\/index.php?rest_route=\/wp\/v2\/product"}],"about":[{"href":"https:\/\/med-tronics.com\/index.php?rest_route=\/wp\/v2\/types\/product"}],"replies":[{"embeddable":true,"href":"https:\/\/med-tronics.com\/index.php?rest_route=%2Fwp%2Fv2%2Fcomments&post=1369"}],"version-history":[{"count":2,"href":"https:\/\/med-tronics.com\/index.php?rest_route=\/wp\/v2\/product\/1369\/revisions"}],"predecessor-version":[{"id":1519,"href":"https:\/\/med-tronics.com\/index.php?rest_route=\/wp\/v2\/product\/1369\/revisions\/1519"}],"wp:featuredmedia":[{"embeddable":true,"href":"https:\/\/med-tronics.com\/index.php?rest_route=\/wp\/v2\/media\/1370"}],"wp:attachment":[{"href":"https:\/\/med-tronics.com\/index.php?rest_route=%2Fwp%2Fv2%2Fmedia&parent=1369"}],"wp:term":[{"taxonomy":"product_brand","embeddable":true,"href":"https:\/\/med-tronics.com\/index.php?rest_route=%2Fwp%2Fv2%2Fproduct_brand&post=1369"},{"taxonomy":"product_cat","embeddable":true,"href":"https:\/\/med-tronics.com\/index.php?rest_route=%2Fwp%2Fv2%2Fproduct_cat&post=1369"},{"taxonomy":"product_tag","embeddable":true,"href":"https:\/\/med-tronics.com\/index.php?rest_route=%2Fwp%2Fv2%2Fproduct_tag&post=1369"}],"curies":[{"name":"wp","href":"https:\/\/api.w.org\/{rel}","templated":true}]}}