{"id":1389,"date":"2026-01-31T22:23:04","date_gmt":"2026-01-31T22:23:04","guid":{"rendered":"https:\/\/sienna-hawk-246701.hostingersite.com\/?post_type=product&#038;p=1389"},"modified":"2026-02-05T17:02:54","modified_gmt":"2026-02-05T17:02:54","slug":"resistance-2-ohm","status":"publish","type":"product","link":"https:\/\/med-tronics.com\/?product=resistance-2-ohm","title":{"rendered":"Resistance 2 Ohm \/ Resistance 2 Ohm pour r\u00e9paration syst\u00e8me AIRBAG"},"content":{"rendered":"<p><strong>Resistance 2 Ohm pour r\u00e9paration syst\u00e8me AIRBAG <\/strong><\/p>\n","protected":false},"excerpt":{"rendered":"<p>Resistance 2 Ohm pour r\u00e9paration syst\u00e8me AIRBAG<\/p>\n","protected":false},"featured_media":1390,"comment_status":"open","ping_status":"closed","template":"","meta":[],"product_brand":[],"product_cat":[18],"product_tag":[],"class_list":{"0":"post-1389","1":"product","2":"type-product","3":"status-publish","4":"has-post-thumbnail","6":"product_cat-composant-electronique","8":"first","9":"instock","10":"shipping-taxable","11":"purchasable","12":"product-type-simple"},"jetpack_sharing_enabled":true,"_links":{"self":[{"href":"https:\/\/med-tronics.com\/index.php?rest_route=\/wp\/v2\/product\/1389","targetHints":{"allow":["GET"]}}],"collection":[{"href":"https:\/\/med-tronics.com\/index.php?rest_route=\/wp\/v2\/product"}],"about":[{"href":"https:\/\/med-tronics.com\/index.php?rest_route=\/wp\/v2\/types\/product"}],"replies":[{"embeddable":true,"href":"https:\/\/med-tronics.com\/index.php?rest_route=%2Fwp%2Fv2%2Fcomments&post=1389"}],"version-history":[{"count":2,"href":"https:\/\/med-tronics.com\/index.php?rest_route=\/wp\/v2\/product\/1389\/revisions"}],"predecessor-version":[{"id":1502,"href":"https:\/\/med-tronics.com\/index.php?rest_route=\/wp\/v2\/product\/1389\/revisions\/1502"}],"wp:featuredmedia":[{"embeddable":true,"href":"https:\/\/med-tronics.com\/index.php?rest_route=\/wp\/v2\/media\/1390"}],"wp:attachment":[{"href":"https:\/\/med-tronics.com\/index.php?rest_route=%2Fwp%2Fv2%2Fmedia&parent=1389"}],"wp:term":[{"taxonomy":"product_brand","embeddable":true,"href":"https:\/\/med-tronics.com\/index.php?rest_route=%2Fwp%2Fv2%2Fproduct_brand&post=1389"},{"taxonomy":"product_cat","embeddable":true,"href":"https:\/\/med-tronics.com\/index.php?rest_route=%2Fwp%2Fv2%2Fproduct_cat&post=1389"},{"taxonomy":"product_tag","embeddable":true,"href":"https:\/\/med-tronics.com\/index.php?rest_route=%2Fwp%2Fv2%2Fproduct_tag&post=1389"}],"curies":[{"name":"wp","href":"https:\/\/api.w.org\/{rel}","templated":true}]}}