{"id":1413,"date":"2026-02-02T16:47:35","date_gmt":"2026-02-02T16:47:35","guid":{"rendered":"https:\/\/sienna-hawk-246701.hostingersite.com\/?post_type=product&#038;p=1413"},"modified":"2026-02-05T17:02:54","modified_gmt":"2026-02-05T17:02:54","slug":"nec1453","status":"publish","type":"product","link":"https:\/\/med-tronics.com\/?product=nec1453","title":{"rendered":"NEC1453 \/ TRANSISTOR de gestion de l&#8217;alimentation dans les unit\u00e9s de commande \u00e9lectroniques (DENSO)"},"content":{"rendered":"<p><strong>TRANSISTOR de gestion de l&#8217;alimentation dans les unit\u00e9s de commande \u00e9lectroniques (DENSO)<\/strong><\/p>\n","protected":false},"excerpt":{"rendered":"<p>TRANSISTOR de gestion de l&#8217;alimentation dans les unit\u00e9s de commande \u00e9lectroniques (DENSO)<\/p>\n","protected":false},"featured_media":1414,"comment_status":"open","ping_status":"closed","template":"","meta":[],"product_brand":[],"product_cat":[18],"product_tag":[],"class_list":{"0":"post-1413","1":"product","2":"type-product","3":"status-publish","4":"has-post-thumbnail","6":"product_cat-composant-electronique","8":"first","9":"instock","10":"shipping-taxable","11":"purchasable","12":"product-type-simple"},"jetpack_sharing_enabled":true,"_links":{"self":[{"href":"https:\/\/med-tronics.com\/index.php?rest_route=\/wp\/v2\/product\/1413","targetHints":{"allow":["GET"]}}],"collection":[{"href":"https:\/\/med-tronics.com\/index.php?rest_route=\/wp\/v2\/product"}],"about":[{"href":"https:\/\/med-tronics.com\/index.php?rest_route=\/wp\/v2\/types\/product"}],"replies":[{"embeddable":true,"href":"https:\/\/med-tronics.com\/index.php?rest_route=%2Fwp%2Fv2%2Fcomments&post=1413"}],"version-history":[{"count":2,"href":"https:\/\/med-tronics.com\/index.php?rest_route=\/wp\/v2\/product\/1413\/revisions"}],"predecessor-version":[{"id":1505,"href":"https:\/\/med-tronics.com\/index.php?rest_route=\/wp\/v2\/product\/1413\/revisions\/1505"}],"wp:featuredmedia":[{"embeddable":true,"href":"https:\/\/med-tronics.com\/index.php?rest_route=\/wp\/v2\/media\/1414"}],"wp:attachment":[{"href":"https:\/\/med-tronics.com\/index.php?rest_route=%2Fwp%2Fv2%2Fmedia&parent=1413"}],"wp:term":[{"taxonomy":"product_brand","embeddable":true,"href":"https:\/\/med-tronics.com\/index.php?rest_route=%2Fwp%2Fv2%2Fproduct_brand&post=1413"},{"taxonomy":"product_cat","embeddable":true,"href":"https:\/\/med-tronics.com\/index.php?rest_route=%2Fwp%2Fv2%2Fproduct_cat&post=1413"},{"taxonomy":"product_tag","embeddable":true,"href":"https:\/\/med-tronics.com\/index.php?rest_route=%2Fwp%2Fv2%2Fproduct_tag&post=1413"}],"curies":[{"name":"wp","href":"https:\/\/api.w.org\/{rel}","templated":true}]}}