{"id":1617,"date":"2026-02-08T20:58:04","date_gmt":"2026-02-08T20:58:04","guid":{"rendered":"https:\/\/med-tronics.com\/?post_type=product&#038;p=1617"},"modified":"2026-03-07T08:23:22","modified_gmt":"2026-03-07T08:23:22","slug":"tle7188f-pour-reparation-module-assistee-207","status":"publish","type":"product","link":"https:\/\/med-tronics.com\/?product=tle7188f-pour-reparation-module-assistee-207","title":{"rendered":"TLE7188F \/ POUR R\u00c9PARATION MODULE ASSIST\u00c9E 207"},"content":{"rendered":"","protected":false},"excerpt":{"rendered":"<p>POUR R\u00c9PARATION MODULE ASSIST\u00c9E 207<\/p>\n<p>CODE DEFAULT C1414<\/p>\n<p>DEFAULT INTERNE NON CARACT\u00c9RISE<\/p>\n","protected":false},"featured_media":1618,"comment_status":"open","ping_status":"closed","template":"","meta":[],"product_brand":[],"product_cat":[18],"product_tag":[],"class_list":{"0":"post-1617","1":"product","2":"type-product","3":"status-publish","4":"has-post-thumbnail","6":"product_cat-composant-electronique","8":"first","9":"outofstock","10":"shipping-taxable","11":"purchasable","12":"product-type-simple"},"jetpack_sharing_enabled":true,"_links":{"self":[{"href":"https:\/\/med-tronics.com\/index.php?rest_route=\/wp\/v2\/product\/1617","targetHints":{"allow":["GET"]}}],"collection":[{"href":"https:\/\/med-tronics.com\/index.php?rest_route=\/wp\/v2\/product"}],"about":[{"href":"https:\/\/med-tronics.com\/index.php?rest_route=\/wp\/v2\/types\/product"}],"replies":[{"embeddable":true,"href":"https:\/\/med-tronics.com\/index.php?rest_route=%2Fwp%2Fv2%2Fcomments&post=1617"}],"version-history":[{"count":1,"href":"https:\/\/med-tronics.com\/index.php?rest_route=\/wp\/v2\/product\/1617\/revisions"}],"predecessor-version":[{"id":1619,"href":"https:\/\/med-tronics.com\/index.php?rest_route=\/wp\/v2\/product\/1617\/revisions\/1619"}],"wp:featuredmedia":[{"embeddable":true,"href":"https:\/\/med-tronics.com\/index.php?rest_route=\/wp\/v2\/media\/1618"}],"wp:attachment":[{"href":"https:\/\/med-tronics.com\/index.php?rest_route=%2Fwp%2Fv2%2Fmedia&parent=1617"}],"wp:term":[{"taxonomy":"product_brand","embeddable":true,"href":"https:\/\/med-tronics.com\/index.php?rest_route=%2Fwp%2Fv2%2Fproduct_brand&post=1617"},{"taxonomy":"product_cat","embeddable":true,"href":"https:\/\/med-tronics.com\/index.php?rest_route=%2Fwp%2Fv2%2Fproduct_cat&post=1617"},{"taxonomy":"product_tag","embeddable":true,"href":"https:\/\/med-tronics.com\/index.php?rest_route=%2Fwp%2Fv2%2Fproduct_tag&post=1617"}],"curies":[{"name":"wp","href":"https:\/\/api.w.org\/{rel}","templated":true}]}}